{"id":56,"date":"2023-11-22T09:29:39","date_gmt":"2023-11-22T12:29:39","guid":{"rendered":"https:\/\/daleiss.com.br\/?page_id=56"},"modified":"2023-11-22T09:48:30","modified_gmt":"2023-11-22T12:48:30","slug":"mesa-de-cabeceira-criado-berro","status":"publish","type":"page","link":"https:\/\/daleiss.com.br\/?page_id=56","title":{"rendered":"Mesa de Cabeceira &#8220;Criado-berro&#8221;"},"content":{"rendered":"\n<div class=\"wp-block-columns alignfull is-layout-flex wp-container-8 wp-block-columns-is-layout-flex\">\n<div class=\"wp-block-column is-layout-flow wp-block-column-is-layout-flow\" style=\"flex-basis:50%\">\n<div class=\"wp-block-cover is-light\" style=\"min-height:600px\"><span aria-hidden=\"true\" class=\"wp-block-cover__background has-background-dim-100 has-background-dim\" style=\"background-color:#f6f6f6\"><\/span><div class=\"wp-block-cover__inner-container is-layout-flow wp-block-cover-is-layout-flow\">\n<div class=\"wp-block-columns is-layout-flex wp-container-2 wp-block-columns-is-layout-flex\">\n<div class=\"wp-block-column is-layout-flow wp-block-column-is-layout-flow\" style=\"flex-basis:100%\">\n<figure class=\"wp-block-image size-large\"><img decoding=\"async\" loading=\"lazy\" width=\"1024\" height=\"1024\" src=\"http:\/\/daleiss.com.br\/wp-content\/uploads\/2023\/11\/10_5_2_273_12_2_2_291_WOD02412-1024x1024.webp\" alt=\"\" class=\"wp-image-57\" srcset=\"https:\/\/daleiss.com.br\/wp-content\/uploads\/2023\/11\/10_5_2_273_12_2_2_291_WOD02412-1024x1024.webp 1024w, https:\/\/daleiss.com.br\/wp-content\/uploads\/2023\/11\/10_5_2_273_12_2_2_291_WOD02412-300x300.webp 300w, https:\/\/daleiss.com.br\/wp-content\/uploads\/2023\/11\/10_5_2_273_12_2_2_291_WOD02412-150x150.webp 150w, https:\/\/daleiss.com.br\/wp-content\/uploads\/2023\/11\/10_5_2_273_12_2_2_291_WOD02412-768x768.webp 768w, https:\/\/daleiss.com.br\/wp-content\/uploads\/2023\/11\/10_5_2_273_12_2_2_291_WOD02412-324x324.webp 324w, https:\/\/daleiss.com.br\/wp-content\/uploads\/2023\/11\/10_5_2_273_12_2_2_291_WOD02412-416x416.webp 416w, https:\/\/daleiss.com.br\/wp-content\/uploads\/2023\/11\/10_5_2_273_12_2_2_291_WOD02412-100x100.webp 100w, https:\/\/daleiss.com.br\/wp-content\/uploads\/2023\/11\/10_5_2_273_12_2_2_291_WOD02412.webp 1200w\" sizes=\"(max-width: 1024px) 100vw, 1024px\" \/><\/figure>\n<\/div>\n<\/div>\n<\/div><\/div>\n<\/div>\n\n\n\n<div class=\"wp-block-column is-vertically-aligned-center is-layout-flow wp-block-column-is-layout-flow\" style=\"padding-top:1em;padding-right:1em;padding-bottom:1em;padding-left:1em\">\n<div class=\"wp-block-columns is-layout-flex wp-container-6 wp-block-columns-is-layout-flex\">\n<div class=\"wp-block-column is-layout-flow wp-block-column-is-layout-flow\" style=\"flex-basis:320px\">\n<p class=\"has-small-font-size\" style=\"line-height:1.6\"><strong>Mesa de Cabeceira<\/strong><\/p>\n\n\n\n<p>A Mesa de Cabeceira F\u00f4rma com p\u00e9s, possui linhas minimalistas em uma pe\u00e7a leve e elegante. Feita em Compensado Multilaminado Moldado com l\u00e2mina natural externa de Tauari ou Nogueira (Marrom) e p\u00e9s em metal com pintura ep\u00f3xi. Conta com uma gaveta que permite guardar pequenos objetos pessoais e um nicho perfeito para manter os livros de cabeceira ou itens utilizados com frequ\u00eancia no dia a dia sempre \u00e0 m\u00e3o, de modo a manter o seu quarto mais organizado e pr\u00e1tico.<\/p>\n\n\n\n<p>Al\u00e9m disso, seu tampo \u00e9 ideal para compor o quarto com lumin\u00e1ria ou objetos de decora\u00e7\u00e3o de sua prefer\u00eancia, possuindo tamb\u00e9m duas sa\u00eddas USB embutidas na superf\u00edcie para tornar mais pr\u00e1tico o carregamento de seus eletr\u00f4nicos. Os tra\u00e7os e curvas tangentes da Cabeceira F\u00f4rma transmitem conforto, refletindo em uma pe\u00e7a minimalista, sofisticada e \u00fanica.<\/p>\n<\/div>\n<\/div>\n<\/div>\n<\/div>\n\n\n\n<p>Al\u00e9m disso, seu tampo \u00e9 ideal para compor o quarto com lumin\u00e1ria ou objetos de decora\u00e7\u00e3o de sua prefer\u00eancia, possuindo tamb\u00e9m duas sa\u00eddas USB embutidas na superf\u00edcie para tornar mais pr\u00e1tico o carregamento de seus eletr\u00f4nicos. Os tra\u00e7os e curvas tangentes da Cabeceira F\u00f4rma transmitem conforto, refletindo em uma pe\u00e7a minimalista, sofisticada e \u00fanica.<\/p>\n","protected":false},"excerpt":{"rendered":"<p>Mesa de Cabeceira A Mesa de Cabeceira F\u00f4rma com p\u00e9s, possui linhas minimalistas em uma pe\u00e7a leve e elegante. Feita em Compensado Multilaminado Moldado com l\u00e2mina natural externa de Tauari ou Nogueira (Marrom) e p\u00e9s em metal com pintura ep\u00f3xi. Conta com uma gaveta que permite guardar pequenos objetos pessoais e um nicho perfeito para [&hellip;]<\/p>\n","protected":false},"author":1,"featured_media":0,"parent":0,"menu_order":0,"comment_status":"closed","ping_status":"closed","template":"","meta":{"om_disable_all_campaigns":false,"_monsterinsights_skip_tracking":false,"_monsterinsights_sitenote_active":false,"_monsterinsights_sitenote_note":"","_monsterinsights_sitenote_category":0,"footnotes":""},"aioseo_notices":[],"_links":{"self":[{"href":"https:\/\/daleiss.com.br\/index.php?rest_route=\/wp\/v2\/pages\/56"}],"collection":[{"href":"https:\/\/daleiss.com.br\/index.php?rest_route=\/wp\/v2\/pages"}],"about":[{"href":"https:\/\/daleiss.com.br\/index.php?rest_route=\/wp\/v2\/types\/page"}],"author":[{"embeddable":true,"href":"https:\/\/daleiss.com.br\/index.php?rest_route=\/wp\/v2\/users\/1"}],"replies":[{"embeddable":true,"href":"https:\/\/daleiss.com.br\/index.php?rest_route=%2Fwp%2Fv2%2Fcomments&post=56"}],"version-history":[{"count":3,"href":"https:\/\/daleiss.com.br\/index.php?rest_route=\/wp\/v2\/pages\/56\/revisions"}],"predecessor-version":[{"id":62,"href":"https:\/\/daleiss.com.br\/index.php?rest_route=\/wp\/v2\/pages\/56\/revisions\/62"}],"wp:attachment":[{"href":"https:\/\/daleiss.com.br\/index.php?rest_route=%2Fwp%2Fv2%2Fmedia&parent=56"}],"curies":[{"name":"wp","href":"https:\/\/api.w.org\/{rel}","templated":true}]}}