{"id":34,"date":"2023-10-11T13:09:00","date_gmt":"2023-10-11T16:09:00","guid":{"rendered":"https:\/\/daleiss.com.br\/?post_type=product&#038;p=34"},"modified":"2023-10-11T13:09:01","modified_gmt":"2023-10-11T16:09:01","slug":"sapateira-banco-comp-pinus-nat-100x35x45","status":"publish","type":"product","link":"https:\/\/daleiss.com.br\/?product=sapateira-banco-comp-pinus-nat-100x35x45","title":{"rendered":"Sapateira Banco Comp Pinus Nat 100x35x45"},"content":{"rendered":"<table class=\"table table-zebra pair-table pair-table-big characteristics-table\">\n<tbody>\n<tr>\n<th class=\"color-default-dark\">Acabamento<\/th>\n<td class=\"color-default-dark\">Pinus cru<\/td>\n<\/tr>\n<tr>\n<th class=\"color-default-dark\">Capacidade de Pares<\/th>\n<td class=\"color-default-dark\">12 par(es)<\/td>\n<\/tr>\n<tr>\n<th class=\"color-default-dark\">Altura<\/th>\n<td class=\"color-default-dark\">45,00 cm<\/td>\n<\/tr>\n<tr>\n<th class=\"color-default-dark\">Largura<\/th>\n<td class=\"color-default-dark\">30,00 cm<\/td>\n<\/tr>\n<tr>\n<th class=\"color-default-dark\">Profundidade<\/th>\n<td class=\"color-default-dark\">30,00 cm<\/td>\n<\/tr>\n<tr>\n<th class=\"color-default-dark\">Comprimento<\/th>\n<td class=\"color-default-dark\">100,00 cm<\/td>\n<\/tr>\n<tr>\n<th class=\"color-default-dark\">Material<\/th>\n<td class=\"color-default-dark\">Madeira<\/td>\n<\/tr>\n<tr>\n<th class=\"color-default-dark\">Quantidade de Prateleiras<\/th>\n<td class=\"color-default-dark\">3 prateleira(s)<\/td>\n<\/tr>\n<tr>\n<th class=\"color-default-dark\">Capacidade de Peso da Prateleira<\/th>\n<td class=\"color-default-dark\">80,00 Kg<\/td>\n<\/tr>\n<tr>\n<th class=\"color-default-dark\">Marca<\/th>\n<td class=\"color-default-dark\">3M<\/td>\n<\/tr>\n<tr>\n<th class=\"color-default-dark\">Montagem<\/th>\n<td class=\"color-default-dark\">Desmontado<\/td>\n<\/tr>\n<tr>\n<th class=\"color-default-dark\">Observa\u00e7\u00f5es sobre a Garantia do Fabricante<\/th>\n<td class=\"color-default-dark\">Peso m\u00e1ximo suportado (80kg)<\/td>\n<\/tr>\n<tr>\n<th class=\"color-default-dark\">Produto<\/th>\n<td class=\"color-default-dark\">Sapateira Branca<\/td>\n<\/tr>\n<\/tbody>\n<\/table>\n","protected":false},"excerpt":{"rendered":"<p>Acabamento Pinus cru Capacidade de Pares 12 par(es) Altura 45,00 cm Largura 30,00 cm Profundidade 30,00 cm Comprimento 100,00 cm Material Madeira Quantidade de Prateleiras 3 prateleira(s) Capacidade de Peso da Prateleira 80,00 Kg Marca 3M Montagem Desmontado Observa\u00e7\u00f5es sobre a Garantia do Fabricante Peso m\u00e1ximo suportado (80kg) Produto Sapateira Branca<\/p>\n","protected":false},"featured_media":35,"comment_status":"open","ping_status":"closed","template":"","meta":{"om_disable_all_campaigns":false,"_monsterinsights_skip_tracking":false,"_monsterinsights_sitenote_active":false,"_monsterinsights_sitenote_note":"","_monsterinsights_sitenote_category":0},"product_cat":[20],"product_tag":[],"aioseo_notices":[],"_links":{"self":[{"href":"https:\/\/daleiss.com.br\/index.php?rest_route=\/wp\/v2\/product\/34"}],"collection":[{"href":"https:\/\/daleiss.com.br\/index.php?rest_route=\/wp\/v2\/product"}],"about":[{"href":"https:\/\/daleiss.com.br\/index.php?rest_route=\/wp\/v2\/types\/product"}],"replies":[{"embeddable":true,"href":"https:\/\/daleiss.com.br\/index.php?rest_route=%2Fwp%2Fv2%2Fcomments&post=34"}],"wp:featuredmedia":[{"embeddable":true,"href":"https:\/\/daleiss.com.br\/index.php?rest_route=\/wp\/v2\/media\/35"}],"wp:attachment":[{"href":"https:\/\/daleiss.com.br\/index.php?rest_route=%2Fwp%2Fv2%2Fmedia&parent=34"}],"wp:term":[{"taxonomy":"product_cat","embeddable":true,"href":"https:\/\/daleiss.com.br\/index.php?rest_route=%2Fwp%2Fv2%2Fproduct_cat&post=34"},{"taxonomy":"product_tag","embeddable":true,"href":"https:\/\/daleiss.com.br\/index.php?rest_route=%2Fwp%2Fv2%2Fproduct_tag&post=34"}],"curies":[{"name":"wp","href":"https:\/\/api.w.org\/{rel}","templated":true}]}}