{"id":36,"date":"2023-10-15T12:02:52","date_gmt":"2023-10-15T15:02:52","guid":{"rendered":"https:\/\/daleiss.com.br\/?post_type=product&#038;p=36"},"modified":"2023-10-15T12:02:52","modified_gmt":"2023-10-15T15:02:52","slug":"bomba-de-ar-manual-double-quick-pequena-intex","status":"publish","type":"product","link":"https:\/\/daleiss.com.br\/?product=bomba-de-ar-manual-double-quick-pequena-intex","title":{"rendered":"Bomba de Ar Manual Double Quick Pequena &#8211; Intex"},"content":{"rendered":"<p>Bomba de Ar Manual Double Quick Pequena &#8211; Intex A Bomba de Ar Manual Double Quick \u00e9 ideal para ajudar na hora de encher o colch\u00e3o infl\u00e1vel e outros acess\u00f3rios utilizados em piscinas e campings.<\/p>\n","protected":false},"excerpt":{"rendered":"<p>Bomba de Ar Manual Double Quick Pequena &#8211; Intex A Bomba de Ar Manual Double Quick \u00e9 ideal para ajudar na hora de encher o colch\u00e3o infl\u00e1vel e outros acess\u00f3rios utilizados em piscinas e campings.<\/p>\n","protected":false},"featured_media":37,"comment_status":"open","ping_status":"closed","template":"","meta":{"om_disable_all_campaigns":false,"_monsterinsights_skip_tracking":false,"_monsterinsights_sitenote_active":false,"_monsterinsights_sitenote_note":"","_monsterinsights_sitenote_category":0},"product_cat":[22],"product_tag":[],"aioseo_notices":[],"_links":{"self":[{"href":"https:\/\/daleiss.com.br\/index.php?rest_route=\/wp\/v2\/product\/36"}],"collection":[{"href":"https:\/\/daleiss.com.br\/index.php?rest_route=\/wp\/v2\/product"}],"about":[{"href":"https:\/\/daleiss.com.br\/index.php?rest_route=\/wp\/v2\/types\/product"}],"replies":[{"embeddable":true,"href":"https:\/\/daleiss.com.br\/index.php?rest_route=%2Fwp%2Fv2%2Fcomments&post=36"}],"wp:featuredmedia":[{"embeddable":true,"href":"https:\/\/daleiss.com.br\/index.php?rest_route=\/wp\/v2\/media\/37"}],"wp:attachment":[{"href":"https:\/\/daleiss.com.br\/index.php?rest_route=%2Fwp%2Fv2%2Fmedia&parent=36"}],"wp:term":[{"taxonomy":"product_cat","embeddable":true,"href":"https:\/\/daleiss.com.br\/index.php?rest_route=%2Fwp%2Fv2%2Fproduct_cat&post=36"},{"taxonomy":"product_tag","embeddable":true,"href":"https:\/\/daleiss.com.br\/index.php?rest_route=%2Fwp%2Fv2%2Fproduct_tag&post=36"}],"curies":[{"name":"wp","href":"https:\/\/api.w.org\/{rel}","templated":true}]}}