{"id":43,"date":"2023-10-15T12:12:47","date_gmt":"2023-10-15T15:12:47","guid":{"rendered":"https:\/\/daleiss.com.br\/?post_type=product&#038;p=43"},"modified":"2023-10-15T12:12:47","modified_gmt":"2023-10-15T15:12:47","slug":"colete-pool-school-41cm-x-30cm-3-a-5-anos","status":"publish","type":"product","link":"https:\/\/daleiss.com.br\/?product=colete-pool-school-41cm-x-30cm-3-a-5-anos","title":{"rendered":"Colete Pool School 41cm x 30cm 3 a 5 anos"},"content":{"rendered":"<p>Colete Infl\u00e1vel infantil salva vidas Pool School Intex<br \/>\nIdade indicada: de 3 \u00e0 5\u00a0anos<br \/>\nPeso indicado: de 18 \u00e0 30kg<br \/>\nMarca: Intex<br \/>\nCor: Amarelo<br \/>\nMedidas: 50cm x 47cm<br \/>\nTiras ajust\u00e1veis de f\u00e1cil manuseio<br \/>\nConfeccionado em material de primeira qualidade, tornando ele mais resistente e dur\u00e1vel, trazendo mais comodidade e conforto.<\/p>\n","protected":false},"excerpt":{"rendered":"<p>Colete Infl\u00e1vel infantil salva vidas Pool School Intex Idade indicada: de 3 \u00e0 5\u00a0anos Peso indicado: de 18 \u00e0 30kg Marca: Intex Cor: Amarelo Medidas: 50cm x 47cm Tiras ajust\u00e1veis de f\u00e1cil manuseio Confeccionado em material de primeira qualidade, tornando ele mais resistente e dur\u00e1vel, trazendo mais comodidade e conforto.<\/p>\n","protected":false},"featured_media":44,"comment_status":"open","ping_status":"closed","template":"","meta":{"om_disable_all_campaigns":false,"_monsterinsights_skip_tracking":false,"_monsterinsights_sitenote_active":false,"_monsterinsights_sitenote_note":"","_monsterinsights_sitenote_category":0},"product_cat":[15],"product_tag":[],"aioseo_notices":[],"_links":{"self":[{"href":"https:\/\/daleiss.com.br\/index.php?rest_route=\/wp\/v2\/product\/43"}],"collection":[{"href":"https:\/\/daleiss.com.br\/index.php?rest_route=\/wp\/v2\/product"}],"about":[{"href":"https:\/\/daleiss.com.br\/index.php?rest_route=\/wp\/v2\/types\/product"}],"replies":[{"embeddable":true,"href":"https:\/\/daleiss.com.br\/index.php?rest_route=%2Fwp%2Fv2%2Fcomments&post=43"}],"wp:featuredmedia":[{"embeddable":true,"href":"https:\/\/daleiss.com.br\/index.php?rest_route=\/wp\/v2\/media\/44"}],"wp:attachment":[{"href":"https:\/\/daleiss.com.br\/index.php?rest_route=%2Fwp%2Fv2%2Fmedia&parent=43"}],"wp:term":[{"taxonomy":"product_cat","embeddable":true,"href":"https:\/\/daleiss.com.br\/index.php?rest_route=%2Fwp%2Fv2%2Fproduct_cat&post=43"},{"taxonomy":"product_tag","embeddable":true,"href":"https:\/\/daleiss.com.br\/index.php?rest_route=%2Fwp%2Fv2%2Fproduct_tag&post=43"}],"curies":[{"name":"wp","href":"https:\/\/api.w.org\/{rel}","templated":true}]}}