{"id":45,"date":"2023-10-15T12:19:11","date_gmt":"2023-10-15T15:19:11","guid":{"rendered":"https:\/\/daleiss.com.br\/?post_type=product&#038;p=45"},"modified":"2023-10-15T12:19:11","modified_gmt":"2023-10-15T15:19:11","slug":"piscina-inflavel-redonda-1-942-litros-azul-easy-set-intex","status":"publish","type":"product","link":"https:\/\/daleiss.com.br\/?product=piscina-inflavel-redonda-1-942-litros-azul-easy-set-intex","title":{"rendered":"Piscina Infl\u00e1vel Redonda 1.942 Litros Azul Easy Set Intex"},"content":{"rendered":"<table class=\"table table-zebra pair-table pair-table-big characteristics-table\">\n<tbody>\n<tr>\n<th class=\"color-default-dark\">Produto<\/th>\n<td class=\"color-default-dark\">Piscina<\/td>\n<\/tr>\n<tr>\n<th class=\"color-default-dark\">Tipo de Piscina<\/th>\n<td class=\"color-default-dark\">Infl\u00e1vel<\/td>\n<\/tr>\n<tr>\n<th class=\"color-default-dark\">Capacidade<\/th>\n<td class=\"color-default-dark\">1942,00 L<\/td>\n<\/tr>\n<tr>\n<th class=\"color-default-dark\">Formato<\/th>\n<td class=\"color-default-dark\">Redondo<\/td>\n<\/tr>\n<tr>\n<th class=\"color-default-dark\">Marca<\/th>\n<td class=\"color-default-dark\">Intex<\/td>\n<\/tr>\n<tr>\n<th class=\"color-default-dark\">Acompanha Filtro\/Bomba<\/th>\n<td class=\"color-default-dark\">N\u00e3o<\/td>\n<\/tr>\n<tr>\n<th class=\"color-default-dark\">Altura<\/th>\n<td class=\"color-default-dark\">61,00 cm<\/td>\n<\/tr>\n<tr>\n<th class=\"color-default-dark\">Profundidade<\/th>\n<td class=\"color-default-dark\">61,00 cm<\/td>\n<\/tr>\n<tr>\n<th class=\"color-default-dark\">Di\u00e2metro<\/th>\n<td class=\"color-default-dark\">244,00 cm<\/td>\n<\/tr>\n<tr>\n<th class=\"color-default-dark\">Dimens\u00e3o<\/th>\n<td class=\"color-default-dark\">244 cm<\/td>\n<\/tr>\n<tr>\n<th class=\"color-default-dark\">Peso do Produto<\/th>\n<td class=\"color-default-dark\">4,45 Kg<\/td>\n<\/tr>\n<tr>\n<th class=\"color-default-dark\">Material<\/th>\n<td class=\"color-default-dark\">Pl\u00e1stico<\/td>\n<\/tr>\n<tr>\n<th class=\"color-default-dark\">Tipo de Material<\/th>\n<td class=\"color-default-dark\">PVC<\/td>\n<\/tr>\n<tr>\n<th class=\"color-default-dark\">Observa\u00e7\u00e3o sobre o Material<\/th>\n<td class=\"color-default-dark\">PVC &#8211; 80% PET &#8211; 20%<\/td>\n<\/tr>\n<tr>\n<th class=\"color-default-dark\">Material da Estrutura<\/th>\n<td class=\"color-default-dark\">Pl\u00e1stico<\/td>\n<\/tr>\n<tr>\n<th class=\"color-default-dark\">Capacidade de Pessoas<\/th>\n<td class=\"color-default-dark\">4 pessoa(s)<\/td>\n<\/tr>\n<tr>\n<th class=\"color-default-dark\">Montagem<\/th>\n<td class=\"color-default-dark\">Desmontado<\/td>\n<\/tr>\n<tr>\n<th class=\"color-default-dark\">Tempo Estimado de Montagem<\/th>\n<td class=\"color-default-dark\">10 min<\/td>\n<\/tr>\n<tr>\n<th class=\"color-default-dark\">Instru\u00e7\u00f5es de Montagem<\/th>\n<td class=\"color-default-dark\">Acompanha o produto<\/td>\n<\/tr>\n<tr>\n<th class=\"color-default-dark\">Complexidade de Montagem<\/th>\n<td class=\"color-default-dark\">Baixa: pode ser montado por uma pessoa leiga<\/td>\n<\/tr>\n<tr>\n<th class=\"color-default-dark\">Acompanha V\u00e1lvula<\/th>\n<td class=\"color-default-dark\">sem V\u00e1lvula<\/td>\n<\/tr>\n<tr>\n<th class=\"color-default-dark\">V\u00e1lvula Acompanha Cesta<\/th>\n<td class=\"color-default-dark\">N\u00e3o<\/td>\n<\/tr>\n<tr>\n<th class=\"color-default-dark\">Cor<\/th>\n<td class=\"color-default-dark\">Azul<\/td>\n<\/tr>\n<tr>\n<th class=\"color-default-dark\">Garantia do Fabricante<\/th>\n<td class=\"color-default-dark\">6 mes(es)<\/td>\n<\/tr>\n<tr>\n<th class=\"color-default-dark\">Observa\u00e7\u00f5es sobre a Garantia do Fabricante<\/th>\n<td class=\"color-default-dark\">Garantia apenas para defeitos de fabrica\u00e7\u00e3o comprovados e dentro do prazo vigente.<\/td>\n<\/tr>\n<tr>\n<th class=\"color-default-dark\">Dica<\/th>\n<td class=\"color-default-dark\">A piscina deve ser instalada sobre uma superf\u00edcie totalmente plana e est\u00e1vel<\/td>\n<\/tr>\n<tr>\n<th class=\"color-default-dark\">Aviso<\/th>\n<td class=\"color-default-dark\">Nunca deixe crian\u00e7as sozinhas perto da \u00e1gua sem supervis\u00e3o de um adulto.<\/td>\n<\/tr>\n<tr>\n<th class=\"color-default-dark\">Cont\u00e9m na Embalagem<\/th>\n<td class=\"color-default-dark\">1 Piscina de Borda Infl\u00e1vel, 1 Kit Reparo, Manual.<\/td>\n<\/tr>\n<tr>\n<th class=\"color-default-dark\">Produto Infantil<\/th>\n<td class=\"color-default-dark\">Sim<\/td>\n<\/tr>\n<\/tbody>\n<\/table>\n","protected":false},"excerpt":{"rendered":"<p>A Piscina Infl\u00e1vel Easy Set da Intex, tem o tamanho perfeito para ser instalada com extrema facilidade no seu quintal. \u00c9 um produto de excelente qualidade e com \u00f3timo design.<\/p>\n","protected":false},"featured_media":46,"comment_status":"open","ping_status":"closed","template":"","meta":{"om_disable_all_campaigns":false,"_monsterinsights_skip_tracking":false,"_monsterinsights_sitenote_active":false,"_monsterinsights_sitenote_note":"","_monsterinsights_sitenote_category":0},"product_cat":[15],"product_tag":[],"aioseo_notices":[],"_links":{"self":[{"href":"https:\/\/daleiss.com.br\/index.php?rest_route=\/wp\/v2\/product\/45"}],"collection":[{"href":"https:\/\/daleiss.com.br\/index.php?rest_route=\/wp\/v2\/product"}],"about":[{"href":"https:\/\/daleiss.com.br\/index.php?rest_route=\/wp\/v2\/types\/product"}],"replies":[{"embeddable":true,"href":"https:\/\/daleiss.com.br\/index.php?rest_route=%2Fwp%2Fv2%2Fcomments&post=45"}],"wp:featuredmedia":[{"embeddable":true,"href":"https:\/\/daleiss.com.br\/index.php?rest_route=\/wp\/v2\/media\/46"}],"wp:attachment":[{"href":"https:\/\/daleiss.com.br\/index.php?rest_route=%2Fwp%2Fv2%2Fmedia&parent=45"}],"wp:term":[{"taxonomy":"product_cat","embeddable":true,"href":"https:\/\/daleiss.com.br\/index.php?rest_route=%2Fwp%2Fv2%2Fproduct_cat&post=45"},{"taxonomy":"product_tag","embeddable":true,"href":"https:\/\/daleiss.com.br\/index.php?rest_route=%2Fwp%2Fv2%2Fproduct_tag&post=45"}],"curies":[{"name":"wp","href":"https:\/\/api.w.org\/{rel}","templated":true}]}}