{"id":47,"date":"2023-10-15T12:24:48","date_gmt":"2023-10-15T15:24:48","guid":{"rendered":"https:\/\/daleiss.com.br\/?post_type=product&#038;p=47"},"modified":"2023-10-15T12:24:48","modified_gmt":"2023-10-15T15:24:48","slug":"piscina-easy-set-redonda-inflavel-880-litros","status":"publish","type":"product","link":"https:\/\/daleiss.com.br\/?product=piscina-easy-set-redonda-inflavel-880-litros","title":{"rendered":"Piscina Easy Set Redonda Infl\u00e1vel &#8211; 880 Litros"},"content":{"rendered":"<p><span class=\"sc-kpDqfm qhIEo\" data-testid=\"product-detail-title\">Piscina Easy Set Redonda Infl\u00e1vel &#8211; 880 Litros &#8211; INTEX<\/span><\/p>\n<div class=\"sc-fqkvVR heuZyN sc-dnvZjJ dtJjfe\" data-testid=\"product-detail-description\">\n<div class=\"sc-fqkvVR hlqElk sc-jcdlHQ cxsdMT\" data-testid=\"rich-content-container\">Os dias ensolarados e de calor pedem divers\u00e3o com as crian\u00e7as na <strong>Piscina Easy Set Redonda Infl\u00e1vel &#8211; 880 litros &#8211; INTEX<\/strong>. A piscina \u00e9 super f\u00e1cil para os pais e \u00e9 o tamanho certo para as crian\u00e7as mais jovens desfrutarem de brincadeiras na \u00e1gua em sua primeira &#8220;grande\u201d piscina! Produzida em vinil resistente e PVC pneum\u00e1tico garante muito conforto durante e espa\u00e7o. Tamanho: 1.83 m de di\u00e2metro x 52 cm de altura. Resistente, pr\u00e1tica e dur\u00e1vel! Piscina de alta durabilidade com grande capacidade de armazenamento de \u00e1gua. Sua estrutura \u00e9 resistente para seu lazer ser seguro e confi\u00e1vel. N\u00e3o deixe de curtir em casa com sua fam\u00edlia e desfrutar de momentos inesquec\u00edveis! Muito f\u00e1cil de armar e desarmar. Compacta e f\u00e1cil de transportar. Material super resistente com a reconhecida qualidade Intex. F\u00e1cil e r\u00e1pida de montar. Pode ser usada como piscina permanente, basta tratar a \u00e1gua. Produto resistente, pr\u00e1tico (port\u00e1til) e de \u00f3tima durabilidade. Estrutura resistente para um lazer seguro e confi\u00e1vel. <strong>DETALHES<\/strong>&#8211; Tamanho: 1.83 m de di\u00e2metro x 51 cm de altura.- Capacidade: 880 Litros- Port\u00e1til- Resistente e dur\u00e1vel- Produzida em PVC<\/p>\n<\/div>\n<\/div>\n","protected":false},"excerpt":{"rendered":"<p>Piscina Infl\u00e1vel 886 Litros Easy Set Intex<\/p>\n","protected":false},"featured_media":48,"comment_status":"open","ping_status":"closed","template":"","meta":{"om_disable_all_campaigns":false,"_monsterinsights_skip_tracking":false,"_monsterinsights_sitenote_active":false,"_monsterinsights_sitenote_note":"","_monsterinsights_sitenote_category":0},"product_cat":[15],"product_tag":[],"aioseo_notices":[],"_links":{"self":[{"href":"https:\/\/daleiss.com.br\/index.php?rest_route=\/wp\/v2\/product\/47"}],"collection":[{"href":"https:\/\/daleiss.com.br\/index.php?rest_route=\/wp\/v2\/product"}],"about":[{"href":"https:\/\/daleiss.com.br\/index.php?rest_route=\/wp\/v2\/types\/product"}],"replies":[{"embeddable":true,"href":"https:\/\/daleiss.com.br\/index.php?rest_route=%2Fwp%2Fv2%2Fcomments&post=47"}],"wp:featuredmedia":[{"embeddable":true,"href":"https:\/\/daleiss.com.br\/index.php?rest_route=\/wp\/v2\/media\/48"}],"wp:attachment":[{"href":"https:\/\/daleiss.com.br\/index.php?rest_route=%2Fwp%2Fv2%2Fmedia&parent=47"}],"wp:term":[{"taxonomy":"product_cat","embeddable":true,"href":"https:\/\/daleiss.com.br\/index.php?rest_route=%2Fwp%2Fv2%2Fproduct_cat&post=47"},{"taxonomy":"product_tag","embeddable":true,"href":"https:\/\/daleiss.com.br\/index.php?rest_route=%2Fwp%2Fv2%2Fproduct_tag&post=47"}],"curies":[{"name":"wp","href":"https:\/\/api.w.org\/{rel}","templated":true}]}}