{"id":49,"date":"2023-10-15T12:29:29","date_gmt":"2023-10-15T15:29:29","guid":{"rendered":"https:\/\/daleiss.com.br\/?post_type=product&#038;p=49"},"modified":"2023-10-15T12:29:29","modified_gmt":"2023-10-15T15:29:29","slug":"encosto-de-pescoco-inflavel","status":"publish","type":"product","link":"https:\/\/daleiss.com.br\/?product=encosto-de-pescoco-inflavel","title":{"rendered":"Encosto de Pesco\u00e7o Infl\u00e1vel"},"content":{"rendered":"<p>Almofada Infl\u00e1vel Travel Neck Intex (36 x 30 x 10 cm) Medidas aprox.: 36 x 30 x 10 cm<\/p>\n","protected":false},"excerpt":{"rendered":"<p>Almofada Infl\u00e1vel Travel Neck Intex (36 x 30 x 10 cm) Medidas aprox.: 36 x 30 x 10 cm<\/p>\n","protected":false},"featured_media":50,"comment_status":"open","ping_status":"closed","template":"","meta":{"om_disable_all_campaigns":false,"_monsterinsights_skip_tracking":false,"_monsterinsights_sitenote_active":false,"_monsterinsights_sitenote_note":"","_monsterinsights_sitenote_category":0},"product_cat":[15],"product_tag":[],"aioseo_notices":[],"_links":{"self":[{"href":"https:\/\/daleiss.com.br\/index.php?rest_route=\/wp\/v2\/product\/49"}],"collection":[{"href":"https:\/\/daleiss.com.br\/index.php?rest_route=\/wp\/v2\/product"}],"about":[{"href":"https:\/\/daleiss.com.br\/index.php?rest_route=\/wp\/v2\/types\/product"}],"replies":[{"embeddable":true,"href":"https:\/\/daleiss.com.br\/index.php?rest_route=%2Fwp%2Fv2%2Fcomments&post=49"}],"wp:featuredmedia":[{"embeddable":true,"href":"https:\/\/daleiss.com.br\/index.php?rest_route=\/wp\/v2\/media\/50"}],"wp:attachment":[{"href":"https:\/\/daleiss.com.br\/index.php?rest_route=%2Fwp%2Fv2%2Fmedia&parent=49"}],"wp:term":[{"taxonomy":"product_cat","embeddable":true,"href":"https:\/\/daleiss.com.br\/index.php?rest_route=%2Fwp%2Fv2%2Fproduct_cat&post=49"},{"taxonomy":"product_tag","embeddable":true,"href":"https:\/\/daleiss.com.br\/index.php?rest_route=%2Fwp%2Fv2%2Fproduct_tag&post=49"}],"curies":[{"name":"wp","href":"https:\/\/api.w.org\/{rel}","templated":true}]}}