{"id":51,"date":"2023-10-15T12:33:12","date_gmt":"2023-10-15T15:33:12","guid":{"rendered":"https:\/\/daleiss.com.br\/?post_type=product&#038;p=51"},"modified":"2023-10-15T12:33:13","modified_gmt":"2023-10-15T15:33:13","slug":"bomba-de-ar-manual-media-double-quick-intex-36cm","status":"publish","type":"product","link":"https:\/\/daleiss.com.br\/?product=bomba-de-ar-manual-media-double-quick-intex-36cm","title":{"rendered":"Bomba De Ar Manual M\u00e9dia Double Quick Intex 36Cm"},"content":{"rendered":"<div class=\"sc-fqkvVR clbOvz sc-kWhykh eJMnGG\" data-testid=\"product-detail\"><span class=\"sc-kpDqfm qhIEo\" data-testid=\"product-detail-title\">Bomba De Ar Manual M\u00e9dia Double Quick Intex 36Cm 68614<\/span><\/p>\n<div class=\"sc-fqkvVR heuZyN sc-dnvZjJ dtJjfe\" data-testid=\"product-detail-description\">\n<div class=\"sc-fqkvVR hlqElk sc-jcdlHQ cxsdMT\" data-testid=\"rich-content-container\">Bomba de Ar Manual M\u00e9dia Double Quick Intex 36cm &#8211; Duplo volume de ar &#8211; dupla a\u00e7\u00e3o; &#8211; A\u00e7\u00e3o dupla &#8211; entrada de ar durante o movimento de subida e descida do cursor; &#8211; Mangueira com 3 bocais de tamanhos diferentes &#8211; para ser em diferentes tamanhos de v\u00e1lvulas; &#8211; Corpo em pl\u00e1stico leve e dur\u00e1vel. Cont\u00e9m: Uma bomba de ar. Fabricado na China. AVISO: Usar somente sob a supervis\u00e3o de um adulto. Di\u00e2metro: +\/- 36cm (14). Prazo de validade: Indeterminado (produto n\u00e3o perec\u00edvel). Refer\u00eancia: 68614<\/div>\n<\/div>\n<\/div>\n<div class=\"sc-fqkvVR hlqElk\" data-testid=\"lazyload-container\">\n<div class=\"sc-dcJsrY dlXJDa\" data-testid=\"mod-x\"><\/div>\n<\/div>\n<div class=\"sc-fqkvVR dESRav sc-jptKe cjuANs\">\n<table class=\"sc-fqkvVR dUvaSJ sc-rPWID dHZzuS\">\n<tbody>\n<tr>\n<td class=\"sc-izQBue dXHDdp\">modelo<\/td>\n<td class=\"sc-jBeBSR jYgdtd\">\n<table class=\"sc-jlGgGc fDzyvc\">\n<tbody>\n<tr>\n<td>Manual<\/td>\n<\/tr>\n<\/tbody>\n<\/table>\n<\/td>\n<\/tr>\n<tr>\n<td class=\"sc-izQBue dXHDdp\">Entidade<\/td>\n<td class=\"sc-jBeBSR jYgdtd\">\n<table class=\"sc-jlGgGc fDzyvc\">\n<tbody>\n<tr>\n<td>Bomba de ar<\/td>\n<\/tr>\n<\/tbody>\n<\/table>\n<\/td>\n<\/tr>\n<tr>\n<td class=\"sc-izQBue dXHDdp\">material<\/td>\n<td class=\"sc-jBeBSR jYgdtd\">\n<table class=\"sc-jlGgGc fDzyvc\">\n<tbody>\n<tr>\n<td>Pl\u00e1stico<\/td>\n<\/tr>\n<\/tbody>\n<\/table>\n<\/td>\n<\/tr>\n<tr>\n<td class=\"sc-izQBue dXHDdp\">tipo<\/td>\n<td class=\"sc-jBeBSR jYgdtd\">\n<table class=\"sc-jlGgGc fDzyvc\">\n<tbody>\n<tr>\n<td>Manual<\/td>\n<\/tr>\n<\/tbody>\n<\/table>\n<\/td>\n<\/tr>\n<tr>\n<td class=\"sc-izQBue dXHDdp\">Marca<\/td>\n<td class=\"sc-jBeBSR jYgdtd\">\n<table class=\"sc-jlGgGc fDzyvc\">\n<tbody>\n<tr>\n<td>Intex<\/td>\n<\/tr>\n<\/tbody>\n<\/table>\n<\/td>\n<\/tr>\n<tr>\n<td class=\"sc-izQBue dXHDdp\">voltagem<\/td>\n<td class=\"sc-jBeBSR jYgdtd\">\n<table class=\"sc-jlGgGc fDzyvc\">\n<tbody>\n<tr>\n<td>Manual<\/td>\n<\/tr>\n<\/tbody>\n<\/table>\n<\/td>\n<\/tr>\n<tr>\n<td class=\"sc-izQBue dXHDdp\">Fonte do produto<\/td>\n<td class=\"sc-jBeBSR jYgdtd\">\n<table class=\"sc-jlGgGc fDzyvc\">\n<tbody>\n<tr>\n<td>Manual<\/td>\n<\/tr>\n<\/tbody>\n<\/table>\n<\/td>\n<\/tr>\n<tr>\n<td class=\"sc-izQBue dXHDdp\">Informa\u00e7\u00f5es complementares<\/td>\n<td class=\"sc-jBeBSR jYgdtd\">\n<table class=\"sc-jlGgGc fDzyvc\">\n<tbody>\n<tr>\n<td class=\"sc-gtJxfw heGAiO\">Marca<\/td>\n<td>Intex<\/td>\n<\/tr>\n<tr>\n<td class=\"sc-gtJxfw heGAiO\">Modelo<\/td>\n<td>Double Quick<\/td>\n<\/tr>\n<tr>\n<td class=\"sc-gtJxfw heGAiO\">Tipo<\/td>\n<td>Manual<\/td>\n<\/tr>\n<\/tbody>\n<\/table>\n<\/td>\n<\/tr>\n<\/tbody>\n<\/table>\n<\/div>\n","protected":false},"excerpt":{"rendered":"<p>Bomba De Ar Manual M\u00e9dia Double Quick Intex 36Cm 68614 Bomba de Ar Manual M\u00e9dia Double Quick Intex 36cm &#8211; Duplo volume de ar &#8211; dupla a\u00e7\u00e3o; &#8211; A\u00e7\u00e3o dupla &#8211; entrada de ar durante o movimento de subida e descida do cursor; &#8211; Mangueira com 3 bocais de tamanhos diferentes &#8211; para ser em [&hellip;]<\/p>\n","protected":false},"featured_media":52,"comment_status":"open","ping_status":"closed","template":"","meta":{"om_disable_all_campaigns":false,"_monsterinsights_skip_tracking":false,"_monsterinsights_sitenote_active":false,"_monsterinsights_sitenote_note":"","_monsterinsights_sitenote_category":0},"product_cat":[15],"product_tag":[],"aioseo_notices":[],"_links":{"self":[{"href":"https:\/\/daleiss.com.br\/index.php?rest_route=\/wp\/v2\/product\/51"}],"collection":[{"href":"https:\/\/daleiss.com.br\/index.php?rest_route=\/wp\/v2\/product"}],"about":[{"href":"https:\/\/daleiss.com.br\/index.php?rest_route=\/wp\/v2\/types\/product"}],"replies":[{"embeddable":true,"href":"https:\/\/daleiss.com.br\/index.php?rest_route=%2Fwp%2Fv2%2Fcomments&post=51"}],"wp:featuredmedia":[{"embeddable":true,"href":"https:\/\/daleiss.com.br\/index.php?rest_route=\/wp\/v2\/media\/52"}],"wp:attachment":[{"href":"https:\/\/daleiss.com.br\/index.php?rest_route=%2Fwp%2Fv2%2Fmedia&parent=51"}],"wp:term":[{"taxonomy":"product_cat","embeddable":true,"href":"https:\/\/daleiss.com.br\/index.php?rest_route=%2Fwp%2Fv2%2Fproduct_cat&post=51"},{"taxonomy":"product_tag","embeddable":true,"href":"https:\/\/daleiss.com.br\/index.php?rest_route=%2Fwp%2Fv2%2Fproduct_tag&post=51"}],"curies":[{"name":"wp","href":"https:\/\/api.w.org\/{rel}","templated":true}]}}