{"id":53,"date":"2023-10-15T12:36:56","date_gmt":"2023-10-15T15:36:56","guid":{"rendered":"https:\/\/daleiss.com.br\/?post_type=product&#038;p=53"},"modified":"2023-10-15T12:36:56","modified_gmt":"2023-10-15T15:36:56","slug":"travesseiro-inflavel-veludo-43x28x9-intex-68672","status":"publish","type":"product","link":"https:\/\/daleiss.com.br\/?product=travesseiro-inflavel-veludo-43x28x9-intex-68672","title":{"rendered":"Travesseiro Infl\u00e1vel Veludo 43x28x9 Intex 68672"},"content":{"rendered":"<p><b>Travesseiro Infl\u00e1vel Veludo 43x28x9 Intex 68672<\/b><\/p>\n<p><b>Aten\u00e7\u00e3o: <\/b>Veja os avisos adicionais no produto.<\/p>\n<p>&#8211; Constru\u00eddo com tecnologia I-Beam para maior conforto;<\/p>\n<p>&#8211; Superf\u00edcie macia aveludada para maior conforto;<\/p>\n<p>Fabricado na China.<\/p>\n<p><b>Conte\u00fado:<\/b> Um travesseiro infl\u00e1vel.<\/p>\n<p><b>Dimens\u00e3o<\/b> + \/- 17&#8243; x 11&#8243; x 3 1\/2 (43cm x 28cm x 9cm)<\/p>\n<p><b>Conte\u00fado:<\/b> Um travesseiro infl\u00e1vel.<\/p>\n<p><b>Prazo de validade:<\/b> Indeterminado (produto n\u00e3o perec\u00edvel).<\/p>\n<p><b>Referencia: <\/b> 68672<\/p>\n","protected":false},"excerpt":{"rendered":"<p>Travesseiro Infl\u00e1vel Veludo 43x28x9 Intex 68672 Aten\u00e7\u00e3o: Veja os avisos adicionais no produto. &#8211; Constru\u00eddo com tecnologia I-Beam para maior conforto; &#8211; Superf\u00edcie macia aveludada para maior conforto; Fabricado na China. Conte\u00fado: Um travesseiro infl\u00e1vel. Dimens\u00e3o + \/- 17&#8243; x 11&#8243; x 3 1\/2 (43cm x 28cm x 9cm) Conte\u00fado: Um travesseiro infl\u00e1vel. Prazo de [&hellip;]<\/p>\n","protected":false},"featured_media":54,"comment_status":"open","ping_status":"closed","template":"","meta":{"om_disable_all_campaigns":false,"_monsterinsights_skip_tracking":false,"_monsterinsights_sitenote_active":false,"_monsterinsights_sitenote_note":"","_monsterinsights_sitenote_category":0},"product_cat":[15],"product_tag":[],"aioseo_notices":[],"_links":{"self":[{"href":"https:\/\/daleiss.com.br\/index.php?rest_route=\/wp\/v2\/product\/53"}],"collection":[{"href":"https:\/\/daleiss.com.br\/index.php?rest_route=\/wp\/v2\/product"}],"about":[{"href":"https:\/\/daleiss.com.br\/index.php?rest_route=\/wp\/v2\/types\/product"}],"replies":[{"embeddable":true,"href":"https:\/\/daleiss.com.br\/index.php?rest_route=%2Fwp%2Fv2%2Fcomments&post=53"}],"wp:featuredmedia":[{"embeddable":true,"href":"https:\/\/daleiss.com.br\/index.php?rest_route=\/wp\/v2\/media\/54"}],"wp:attachment":[{"href":"https:\/\/daleiss.com.br\/index.php?rest_route=%2Fwp%2Fv2%2Fmedia&parent=53"}],"wp:term":[{"taxonomy":"product_cat","embeddable":true,"href":"https:\/\/daleiss.com.br\/index.php?rest_route=%2Fwp%2Fv2%2Fproduct_cat&post=53"},{"taxonomy":"product_tag","embeddable":true,"href":"https:\/\/daleiss.com.br\/index.php?rest_route=%2Fwp%2Fv2%2Fproduct_tag&post=53"}],"curies":[{"name":"wp","href":"https:\/\/api.w.org\/{rel}","templated":true}]}}